{"id":430,"date":"2022-05-11T11:16:21","date_gmt":"2022-05-11T11:16:21","guid":{"rendered":"https:\/\/bizbergthemes.com\/fully-green-lite\/?page_id=430"},"modified":"2025-07-08T20:49:49","modified_gmt":"2025-07-09T01:49:49","slug":"nosotros","status":"publish","type":"page","link":"https:\/\/alianzaestrategicafredonia.com\/en_gb\/nosotros\/","title":{"rendered":"Us"},"content":{"rendered":"<p class=\"has-medium-font-size\"><strong>AEF \u2013 Alianza Estrat\u00e9gica Fredonia<\/strong> es unaAEF \u2013 Alianza Estrat\u00e9 <strong>corporaci\u00f3n socio-econ\u00f3mica sin \u00e1nimo de lucro<\/strong> que nace con un prop\u00f3sito claro: <strong>impulsar el desarrollo econ\u00f3mico y social de empresarios agr\u00edcolas<\/strong>, especialmente aquellos que pertenecen a <strong>grupos vulnerables<\/strong>.<\/p>\n\n\n\n<div class=\"wp-block-media-text is-stacked-on-mobile\"><figure class=\"wp-block-media-text__media\"><img decoding=\"async\" src=\"https:\/\/alianzaestrategicafredonia.com\/wp-content\/uploads\/2025\/06\/DSC0058.png\" alt=\"\" class=\"wp-image-1421 size-full\"\/><\/figure><div class=\"wp-block-media-text__content\">\n<p>Nuestra corporaci\u00f3n act\u00faa como un <strong>veh\u00edculo de prop\u00f3sito especial<\/strong>, dise\u00f1ado para fortalecer la producci\u00f3n agr\u00edcola, mejorar las condiciones de vida de los agricultores y generar impacto econ\u00f3mico a nivel <strong>local, regional e internacional<\/strong>. Lo hacemos promoviendo actividades comerciales de escala y alianzas sostenibles.<\/p>\n<\/div><\/div>\n\n\n\n<h3 class=\"wp-block-heading\">Nuestra estructura<\/h3>\n\n\n\n<p>AEF est\u00e1 conformada por dos pilares fundamentales:<\/p>\n\n\n\n<ul class=\"wp-block-list\">\n<li><strong>Miembros<\/strong>: Agricultores comprometidos, enfocados en la producci\u00f3n de bienes agr\u00edcolas con un enfoque especial en la inclusi\u00f3n de comunidades vulnerables.<\/li>\n\n\n\n<li><strong>Socios contratados<\/strong>: Aliados regionales que prestan servicios justos y estrat\u00e9gicos para apoyar toda la cadena de valor agr\u00edcola.<\/li>\n<\/ul>\n\n\n\n<h3 class=\"wp-block-heading\">Nuestro modelo: la triple h\u00e9lice<\/h3>\n\n\n\n<p>Trabajamos bajo el modelo de la <strong>triple h\u00e9lice<\/strong>, que promueve la colaboraci\u00f3n entre tres sectores clave:<\/p>\n\n\n\n<ul class=\"wp-block-list\">\n<li><strong>Gobierno<\/strong>: como facilitador de pol\u00edticas, incentivos y apoyo institucional.<\/li>\n\n\n\n<li><strong>Empresas y cooperativas<\/strong>: como motor de la producci\u00f3n, comercializaci\u00f3n y sostenibilidad econ\u00f3mica.<\/li>\n\n\n\n<li><strong>Sector educativo<\/strong>: como fuente de conocimiento, formaci\u00f3n e innovaci\u00f3n.<\/li>\n<\/ul>\n\n\n\n<p class=\"has-medium-font-size\">Una alianza con alma campesina que transforma el territorio Colombiano. Unidos por una causa com\u00fan La Alianza Estrat\u00e9gica Fredonia no es una Corporaci\u00f3n m\u00e1s es una fuerza colectiva.<\/p>\n\n\n\n<figure class=\"wp-block-gallery has-nested-images columns-default is-cropped wp-block-gallery-1 is-layout-flex wp-block-gallery-is-layout-flex\">\n<figure class=\"wp-block-image size-large\"><img fetchpriority=\"high\" decoding=\"async\" width=\"600\" height=\"399\" data-id=\"806\" src=\"https:\/\/alianzaestrategicafredonia.com\/wp-content\/uploads\/2024\/10\/productorCacao.jpeg\" alt=\"\" class=\"wp-image-806\" srcset=\"https:\/\/alianzaestrategicafredonia.com\/wp-content\/uploads\/2024\/10\/productorCacao.jpeg 600w, https:\/\/alianzaestrategicafredonia.com\/wp-content\/uploads\/2024\/10\/productorCacao-300x200.jpeg 300w\" sizes=\"(max-width: 600px) 100vw, 600px\" \/><\/figure>\n\n\n\n<figure class=\"wp-block-image size-large\"><img decoding=\"async\" data-id=\"750\" src=\"https:\/\/alianzaestrategicafredonia.com\/wp-content\/uploads\/2025\/04\/IMG-20250205-WA0048-1-1024x768.jpg\" alt=\"\" class=\"wp-image-750\"\/><\/figure>\n\n\n\n<figure class=\"wp-block-image size-large\"><img decoding=\"async\" width=\"768\" height=\"1024\" data-id=\"747\" src=\"https:\/\/alianzaestrategicafredonia.com\/wp-content\/uploads\/2025\/04\/IMG-20250205-WA0035-1-768x1024.jpg\" alt=\"\" class=\"wp-image-747\" srcset=\"https:\/\/alianzaestrategicafredonia.com\/wp-content\/uploads\/2025\/04\/IMG-20250205-WA0035-1-768x1024.jpg 768w, https:\/\/alianzaestrategicafredonia.com\/wp-content\/uploads\/2025\/04\/IMG-20250205-WA0035-1-600x800.jpg 600w, https:\/\/alianzaestrategicafredonia.com\/wp-content\/uploads\/2025\/04\/IMG-20250205-WA0035-1-225x300.jpg 225w, https:\/\/alianzaestrategicafredonia.com\/wp-content\/uploads\/2025\/04\/IMG-20250205-WA0035-1-1152x1536.jpg 1152w, https:\/\/alianzaestrategicafredonia.com\/wp-content\/uploads\/2025\/04\/IMG-20250205-WA0035-1.jpg 1530w\" sizes=\"(max-width: 768px) 100vw, 768px\" \/><\/figure>\n\n\n\n<figure class=\"wp-block-image size-large\"><img decoding=\"async\" width=\"1024\" height=\"766\" data-id=\"745\" src=\"https:\/\/alianzaestrategicafredonia.com\/wp-content\/uploads\/2025\/04\/IMG_20250308_164421369_HDR-1-1024x766.jpg\" alt=\"\" class=\"wp-image-745\" srcset=\"https:\/\/alianzaestrategicafredonia.com\/wp-content\/uploads\/2025\/04\/IMG_20250308_164421369_HDR-1-1024x766.jpg 1024w, https:\/\/alianzaestrategicafredonia.com\/wp-content\/uploads\/2025\/04\/IMG_20250308_164421369_HDR-1-scaled-600x449.jpg 600w, https:\/\/alianzaestrategicafredonia.com\/wp-content\/uploads\/2025\/04\/IMG_20250308_164421369_HDR-1-300x224.jpg 300w, https:\/\/alianzaestrategicafredonia.com\/wp-content\/uploads\/2025\/04\/IMG_20250308_164421369_HDR-1-768x575.jpg 768w, https:\/\/alianzaestrategicafredonia.com\/wp-content\/uploads\/2025\/04\/IMG_20250308_164421369_HDR-1-1536x1149.jpg 1536w, https:\/\/alianzaestrategicafredonia.com\/wp-content\/uploads\/2025\/04\/IMG_20250308_164421369_HDR-1-2048x1532.jpg 2048w\" sizes=\"(max-width: 1024px) 100vw, 1024px\" \/><\/figure>\n\n\n\n<figure class=\"wp-block-image size-large\"><img loading=\"lazy\" decoding=\"async\" width=\"766\" height=\"1024\" data-id=\"740\" src=\"https:\/\/alianzaestrategicafredonia.com\/wp-content\/uploads\/2025\/04\/IMG_20250308_152804830_BURST001_COMP-1-766x1024.jpg\" alt=\"\" class=\"wp-image-740\" srcset=\"https:\/\/alianzaestrategicafredonia.com\/wp-content\/uploads\/2025\/04\/IMG_20250308_152804830_BURST001_COMP-1-766x1024.jpg 766w, https:\/\/alianzaestrategicafredonia.com\/wp-content\/uploads\/2025\/04\/IMG_20250308_152804830_BURST001_COMP-1-scaled-600x802.jpg 600w, https:\/\/alianzaestrategicafredonia.com\/wp-content\/uploads\/2025\/04\/IMG_20250308_152804830_BURST001_COMP-1-224x300.jpg 224w, https:\/\/alianzaestrategicafredonia.com\/wp-content\/uploads\/2025\/04\/IMG_20250308_152804830_BURST001_COMP-1-768x1026.jpg 768w, https:\/\/alianzaestrategicafredonia.com\/wp-content\/uploads\/2025\/04\/IMG_20250308_152804830_BURST001_COMP-1-1149x1536.jpg 1149w, https:\/\/alianzaestrategicafredonia.com\/wp-content\/uploads\/2025\/04\/IMG_20250308_152804830_BURST001_COMP-1-1532x2048.jpg 1532w, https:\/\/alianzaestrategicafredonia.com\/wp-content\/uploads\/2025\/04\/IMG_20250308_152804830_BURST001_COMP-1-scaled.jpg 1916w\" sizes=\"(max-width: 766px) 100vw, 766px\" \/><\/figure>\n\n\n\n<figure class=\"wp-block-image size-large\"><img loading=\"lazy\" decoding=\"async\" width=\"766\" height=\"1024\" data-id=\"731\" src=\"https:\/\/alianzaestrategicafredonia.com\/wp-content\/uploads\/2025\/04\/IMG_20250111_133430450-1-766x1024.jpg\" alt=\"\" class=\"wp-image-731\" srcset=\"https:\/\/alianzaestrategicafredonia.com\/wp-content\/uploads\/2025\/04\/IMG_20250111_133430450-1-766x1024.jpg 766w, https:\/\/alianzaestrategicafredonia.com\/wp-content\/uploads\/2025\/04\/IMG_20250111_133430450-1-scaled-600x802.jpg 600w, https:\/\/alianzaestrategicafredonia.com\/wp-content\/uploads\/2025\/04\/IMG_20250111_133430450-1-224x300.jpg 224w, https:\/\/alianzaestrategicafredonia.com\/wp-content\/uploads\/2025\/04\/IMG_20250111_133430450-1-768x1026.jpg 768w, https:\/\/alianzaestrategicafredonia.com\/wp-content\/uploads\/2025\/04\/IMG_20250111_133430450-1-1149x1536.jpg 1149w, https:\/\/alianzaestrategicafredonia.com\/wp-content\/uploads\/2025\/04\/IMG_20250111_133430450-1-1532x2048.jpg 1532w, https:\/\/alianzaestrategicafredonia.com\/wp-content\/uploads\/2025\/04\/IMG_20250111_133430450-1-scaled.jpg 1916w\" sizes=\"(max-width: 766px) 100vw, 766px\" \/><\/figure>\n\n\n\n<figure class=\"wp-block-image size-large\"><img loading=\"lazy\" decoding=\"async\" width=\"766\" height=\"1024\" data-id=\"755\" src=\"https:\/\/alianzaestrategicafredonia.com\/wp-content\/uploads\/2025\/04\/original_1a20f385-59f4-4127-a728-a8743e20bae1_IMG_20231117_074632699_HDR-1-766x1024.jpg\" alt=\"\" class=\"wp-image-755\" srcset=\"https:\/\/alianzaestrategicafredonia.com\/wp-content\/uploads\/2025\/04\/original_1a20f385-59f4-4127-a728-a8743e20bae1_IMG_20231117_074632699_HDR-1-766x1024.jpg 766w, https:\/\/alianzaestrategicafredonia.com\/wp-content\/uploads\/2025\/04\/original_1a20f385-59f4-4127-a728-a8743e20bae1_IMG_20231117_074632699_HDR-1-scaled-600x802.jpg 600w, https:\/\/alianzaestrategicafredonia.com\/wp-content\/uploads\/2025\/04\/original_1a20f385-59f4-4127-a728-a8743e20bae1_IMG_20231117_074632699_HDR-1-224x300.jpg 224w, https:\/\/alianzaestrategicafredonia.com\/wp-content\/uploads\/2025\/04\/original_1a20f385-59f4-4127-a728-a8743e20bae1_IMG_20231117_074632699_HDR-1-768x1026.jpg 768w, https:\/\/alianzaestrategicafredonia.com\/wp-content\/uploads\/2025\/04\/original_1a20f385-59f4-4127-a728-a8743e20bae1_IMG_20231117_074632699_HDR-1-1149x1536.jpg 1149w, https:\/\/alianzaestrategicafredonia.com\/wp-content\/uploads\/2025\/04\/original_1a20f385-59f4-4127-a728-a8743e20bae1_IMG_20231117_074632699_HDR-1-1532x2048.jpg 1532w, https:\/\/alianzaestrategicafredonia.com\/wp-content\/uploads\/2025\/04\/original_1a20f385-59f4-4127-a728-a8743e20bae1_IMG_20231117_074632699_HDR-1-scaled.jpg 1916w\" sizes=\"(max-width: 766px) 100vw, 766px\" \/><\/figure>\n<\/figure>\n\n\n\n<h2 class=\"wp-block-heading\"><\/h2>\n\n\n\n<p><\/p>","protected":false},"excerpt":{"rendered":"<p>Somos una propuesta asociativa de 110 productores emprendedores campesinos de las organizaciones ACCA, AGECOSUR, ASOMUTIPRO, OMCE, OCCF y ASOFRUANDES de los municipios de Pueblorrico, Jeric\u00f3, Fredonia, T\u00e1mesis, Jard\u00edn y Andes, respectivamente; que ven en el trabajo comunitario una oportunidad de potencializar el caf\u00e9 de origen del Suroeste Antioque\u00f1o. Nuestro caf\u00e9 es producido desde 1.550 hasta 2.100 msnm, resaltado un microclima generado desde las planicies del rio Cauca y sus corrientes de niebla que suben y ba\u00f1an las exuberantes monta\u00f1as de esta cordillera.<\/p>","protected":false},"author":1,"featured_media":735,"parent":0,"menu_order":0,"comment_status":"closed","ping_status":"closed","template":"","meta":{"give_campaign_id":0,"footnotes":""},"class_list":["post-430","page","type-page","status-publish","has-post-thumbnail","hentry"],"aioseo_notices":[],"campaignId":"","_links":{"self":[{"href":"https:\/\/alianzaestrategicafredonia.com\/en_gb\/wp-json\/wp\/v2\/pages\/430","targetHints":{"allow":["GET"]}}],"collection":[{"href":"https:\/\/alianzaestrategicafredonia.com\/en_gb\/wp-json\/wp\/v2\/pages"}],"about":[{"href":"https:\/\/alianzaestrategicafredonia.com\/en_gb\/wp-json\/wp\/v2\/types\/page"}],"author":[{"embeddable":true,"href":"https:\/\/alianzaestrategicafredonia.com\/en_gb\/wp-json\/wp\/v2\/users\/1"}],"replies":[{"embeddable":true,"href":"https:\/\/alianzaestrategicafredonia.com\/en_gb\/wp-json\/wp\/v2\/comments?post=430"}],"version-history":[{"count":7,"href":"https:\/\/alianzaestrategicafredonia.com\/en_gb\/wp-json\/wp\/v2\/pages\/430\/revisions"}],"predecessor-version":[{"id":1480,"href":"https:\/\/alianzaestrategicafredonia.com\/en_gb\/wp-json\/wp\/v2\/pages\/430\/revisions\/1480"}],"wp:featuredmedia":[{"embeddable":true,"href":"https:\/\/alianzaestrategicafredonia.com\/en_gb\/wp-json\/wp\/v2\/media\/735"}],"wp:attachment":[{"href":"https:\/\/alianzaestrategicafredonia.com\/en_gb\/wp-json\/wp\/v2\/media?parent=430"}],"curies":[{"name":"wp","href":"https:\/\/api.w.org\/{rel}","templated":true}]}}