{"id":1217,"date":"2025-05-12T21:20:54","date_gmt":"2025-05-13T02:20:54","guid":{"rendered":"https:\/\/alianzaestrategicafredonia.com\/?post_type=product&#038;p=1217"},"modified":"2025-05-12T21:20:54","modified_gmt":"2025-05-13T02:20:54","slug":"honey","status":"publish","type":"product","link":"https:\/\/alianzaestrategicafredonia.com\/en_gb\/product\/honey\/","title":{"rendered":"Honey:"},"content":{"rendered":"<p><span style=\"font-family: Arial, serif;\">Este tipo de caf\u00e9 se conoce por el proceso de separaci\u00f3n y secado de las semillas de caf\u00e9 de la cereza. Se deja intencionalmente una capa del muc\u00edlago en los granos antes de secar, luego de secado se retira.<\/span><\/p>","protected":false},"excerpt":{"rendered":"<p><span style=\"font-family: Arial, serif;\">Este tipo de caf\u00e9 se conoce por el proceso de separaci\u00f3n y secado de las semillas de caf\u00e9 de la cereza. Se deja intencionalmente una capa del muc\u00edlago en los granos antes de secar, luego de secado se retira.<\/span><\/p>","protected":false},"featured_media":729,"comment_status":"open","ping_status":"closed","template":"","meta":{"give_campaign_id":0},"product_brand":[],"product_cat":[24],"product_tag":[],"class_list":{"0":"post-1217","1":"product","2":"type-product","3":"status-publish","4":"has-post-thumbnail","6":"product_cat-sin-categorizar","8":"first","9":"instock","10":"shipping-taxable","11":"product-type-simple"},"aioseo_notices":[],"_links":{"self":[{"href":"https:\/\/alianzaestrategicafredonia.com\/en_gb\/wp-json\/wp\/v2\/product\/1217","targetHints":{"allow":["GET"]}}],"collection":[{"href":"https:\/\/alianzaestrategicafredonia.com\/en_gb\/wp-json\/wp\/v2\/product"}],"about":[{"href":"https:\/\/alianzaestrategicafredonia.com\/en_gb\/wp-json\/wp\/v2\/types\/product"}],"replies":[{"embeddable":true,"href":"https:\/\/alianzaestrategicafredonia.com\/en_gb\/wp-json\/wp\/v2\/comments?post=1217"}],"wp:featuredmedia":[{"embeddable":true,"href":"https:\/\/alianzaestrategicafredonia.com\/en_gb\/wp-json\/wp\/v2\/media\/729"}],"wp:attachment":[{"href":"https:\/\/alianzaestrategicafredonia.com\/en_gb\/wp-json\/wp\/v2\/media?parent=1217"}],"wp:term":[{"taxonomy":"product_brand","embeddable":true,"href":"https:\/\/alianzaestrategicafredonia.com\/en_gb\/wp-json\/wp\/v2\/product_brand?post=1217"},{"taxonomy":"product_cat","embeddable":true,"href":"https:\/\/alianzaestrategicafredonia.com\/en_gb\/wp-json\/wp\/v2\/product_cat?post=1217"},{"taxonomy":"product_tag","embeddable":true,"href":"https:\/\/alianzaestrategicafredonia.com\/en_gb\/wp-json\/wp\/v2\/product_tag?post=1217"}],"curies":[{"name":"wp","href":"https:\/\/api.w.org\/{rel}","templated":true}]}}